{"id":14,"date":"2017-05-03T15:42:15","date_gmt":"2017-05-03T13:42:15","guid":{"rendered":"http:\/\/teamenergies.be\/?page_id=14"},"modified":"2019-09-23T20:49:58","modified_gmt":"2019-09-23T18:49:58","slug":"www-teamenergies-be","status":"publish","type":"page","link":"https:\/\/www.teamenergies.be\/","title":{"rendered":"Accueil"},"content":{"rendered":"<p><div  class=\"fusion-fullwidth fullwidth-box hundred-percent-fullwidth\"  style='background-color: #22276e;background-position: center center;background-repeat: no-repeat;padding-top:20px;padding-right:0px;padding-bottom:20px;padding-left:0px;'><div class=\"fusion-builder-row fusion-row \"><div  class=\"fusion-layout-column fusion_builder_column fusion_builder_column_1_1  fusion-one-full fusion-column-first fusion-column-last 1_1\"  style='margin-top:10px;margin-bottom:10px;'>\n\t\t\t<div class=\"fusion-column-wrapper\" style=\"background-position:left top;background-repeat:no-repeat;-webkit-background-size:cover;-moz-background-size:cover;-o-background-size:cover;background-size:cover;\"  data-bg-url=\"\">\n\t\t\t\t<h1 style=\"text-align: center;\"><span style=\"color: #ffffff;\">N&rsquo;h\u00e9sitez pas \u00e0 nous contacter : 0475\/853 063<\/span><\/h1>\n<div class=\"fusion-clearfix\"><\/div>\n\n\t\t\t<\/div>\n\t\t<\/div><\/div><\/div><div  class=\"fusion-fullwidth fullwidth-box nonhundred-percent-fullwidth fusion-equal-height-columns fusion-no-small-visibility fusion-no-medium-visibility\"  style='background-color: rgba(255,255,255,0);background-position: center center;background-repeat: no-repeat;padding-top:20px;padding-right:0px;padding-bottom:20px;padding-left:0px;'><div class=\"fusion-builder-row fusion-row \"><div  class=\"fusion-layout-column fusion_builder_column fusion_builder_column_1_4  fusion-one-fourth fusion-column-first 1_4\"  style='margin-top:55px;margin-bottom:40px;width:25%;width:calc(25% - ( ( 4% + 4% + 4% ) * 0.25 ) );margin-right: 4%;'>\n\t\t\t<div class=\"fusion-column-wrapper\" style=\"background-position:left top;background-repeat:no-repeat;-webkit-background-size:cover;-moz-background-size:cover;-o-background-size:cover;background-size:cover;\"  data-bg-url=\"\">\n\t\t\t\t<div class=\"fusion-flip-boxes flip-boxes row fusion-columns-1\"><div class=\"fusion-flip-box-wrapper fusion-column col-lg-12 col-md-12 col-sm-12\"><div class=\"fusion-flip-box\"><div class=\"flip-box-inner-wrapper\"><div class=\"flip-box-front\" style=\"background-color:#e53012;border-color:rgba(0,0,0,0);border-radius:15px;border-style:solid;border-width:1px;color:#747474;\"><div class=\"flip-box-front-inner\"><div class=\"flip-box-grafix flip-box-image\"><img src=\"http:\/\/www.teamenergies.be\/wp-content\/uploads\/2017\/05\/Chauffage01.png\" width=\"150\" height=\"150\" alt=\"\" \/><\/div><h2 class=\"flip-box-heading without-text\" style=\"color:#ffffff;\">Chauffage<\/h2><\/div><\/div><div class=\"flip-box-back\" style=\"background-color:#e53012;border-color:rgba(0,0,0,0);border-radius:15px;border-style:solid;border-width:1px;color:#ffffff;\"><div class=\"flip-box-back-inner\"><h3 class=\"flip-box-heading-back\" style=\"color:#eeeded;\">Un travail soign\u00e9<\/h3><\/div><\/div><\/div><\/div><\/div><\/div><div class=\"fusion-clearfix\"><\/div><div class=\"fusion-clearfix\"><\/div>\n\n\t\t\t<\/div>\n\t\t<\/div><div  class=\"fusion-layout-column fusion_builder_column fusion_builder_column_1_4  fusion-one-fourth 1_4\"  style='margin-top:55px;margin-bottom:40px;width:25%;width:calc(25% - ( ( 4% + 4% + 4% ) * 0.25 ) );margin-right: 4%;'>\n\t\t\t<div class=\"fusion-column-wrapper\" style=\"background-position:left top;background-repeat:no-repeat;-webkit-background-size:cover;-moz-background-size:cover;-o-background-size:cover;background-size:cover;\"  data-bg-url=\"\">\n\t\t\t\t<div class=\"fusion-flip-boxes flip-boxes row fusion-columns-1\"><div class=\"fusion-flip-box-wrapper fusion-column col-lg-12 col-md-12 col-sm-12\"><div class=\"fusion-flip-box\"><div class=\"flip-box-inner-wrapper\"><div class=\"flip-box-front\" style=\"background-color:#22276e;border-color:rgba(0,0,0,0);border-radius:15px;border-style:solid;border-width:1px;color:#747474;\"><div class=\"flip-box-front-inner\"><div class=\"flip-box-grafix flip-box-image\"><img src=\"http:\/\/www.teamenergies.be\/wp-content\/uploads\/2017\/05\/Sanitaire01.png\" width=\"150\" height=\"150\" alt=\"\" \/><\/div><h2 class=\"flip-box-heading without-text\" style=\"color:#ffffff;\">Sanitaire<\/h2><\/div><\/div><div class=\"flip-box-back\" style=\"background-color:#22276e;border-color:rgba(0,0,0,0);border-radius:15px;border-style:solid;border-width:1px;color:#ffffff;\"><div class=\"flip-box-back-inner\"><h3 class=\"flip-box-heading-back\" style=\"color:#eeeded;\">Le souci du d\u00e9tail<\/h3><\/div><\/div><\/div><\/div><\/div><\/div><div class=\"fusion-clearfix\"><\/div><div class=\"fusion-clearfix\"><\/div>\n\n\t\t\t<\/div>\n\t\t<\/div><div  class=\"fusion-layout-column fusion_builder_column fusion_builder_column_1_4  fusion-one-fourth 1_4\"  style='margin-top:55px;margin-bottom:40px;width:25%;width:calc(25% - ( ( 4% + 4% + 4% ) * 0.25 ) );margin-right: 4%;'>\n\t\t\t<div class=\"fusion-column-wrapper\" style=\"background-position:left top;background-repeat:no-repeat;-webkit-background-size:cover;-moz-background-size:cover;-o-background-size:cover;background-size:cover;\"  data-bg-url=\"\">\n\t\t\t\t<div class=\"fusion-flip-boxes flip-boxes row fusion-columns-1\"><div class=\"fusion-flip-box-wrapper fusion-column col-lg-12 col-md-12 col-sm-12\"><div class=\"fusion-flip-box\"><div class=\"flip-box-inner-wrapper\"><div class=\"flip-box-front\" style=\"background-color:#f8ea1b;border-color:rgba(0,0,0,0);border-radius:15px;border-style:solid;border-width:1px;color:#747474;\"><div class=\"flip-box-front-inner\"><div class=\"flip-box-grafix flip-box-image\"><img src=\"http:\/\/www.teamenergies.be\/wp-content\/uploads\/2017\/05\/Electricite01.png\" width=\"150\" height=\"150\" alt=\"\" \/><\/div><h2 class=\"flip-box-heading without-text\" style=\"color:#ffffff;\">Electricit\u00e9<\/h2><\/div><\/div><div class=\"flip-box-back\" style=\"background-color:#f8ea1b;border-color:rgba(0,0,0,0);border-radius:15px;border-style:solid;border-width:1px;color:#ffffff;\"><div class=\"flip-box-back-inner\"><h3 class=\"flip-box-heading-back\" style=\"color:#eeeded;\">Pour vos petits et grand projets<\/h3><\/div><\/div><\/div><\/div><\/div><\/div><div class=\"fusion-clearfix\"><\/div><div class=\"fusion-clearfix\"><\/div>\n\n\t\t\t<\/div>\n\t\t<\/div><div  class=\"fusion-layout-column fusion_builder_column fusion_builder_column_1_4  fusion-one-fourth fusion-column-last 1_4\"  style='margin-top:55px;margin-bottom:40px;width:25%;width:calc(25% - ( ( 4% + 4% + 4% ) * 0.25 ) );'>\n\t\t\t<div class=\"fusion-column-wrapper\" style=\"background-position:left top;background-repeat:no-repeat;-webkit-background-size:cover;-moz-background-size:cover;-o-background-size:cover;background-size:cover;\"  data-bg-url=\"\">\n\t\t\t\t<div class=\"fusion-flip-boxes flip-boxes row fusion-columns-1\"><div class=\"fusion-flip-box-wrapper fusion-column col-lg-12 col-md-12 col-sm-12\"><div class=\"fusion-flip-box\"><div class=\"flip-box-inner-wrapper\"><div class=\"flip-box-front\" style=\"background-color:#009fe3;border-color:rgba(0,0,0,0);border-radius:15px;border-style:solid;border-width:1px;color:#747474;\"><div class=\"flip-box-front-inner\"><div class=\"flip-box-grafix flip-box-image\"><img src=\"http:\/\/www.teamenergies.be\/wp-content\/uploads\/2017\/05\/Ventilation01.png\" width=\"150\" height=\"150\" alt=\"\" \/><\/div><h2 class=\"flip-box-heading without-text\" style=\"color:#ffffff;\">Ventilation<\/h2><\/div><\/div><div class=\"flip-box-back\" style=\"background-color:#009fe3;border-color:rgba(0,0,0,0);border-radius:15px;border-style:solid;border-width:1px;color:#ffffff;\"><div class=\"flip-box-back-inner\"><h3 class=\"flip-box-heading-back\" style=\"color:#eeeded;\">Une installation adapt\u00e9e \u00e0 vos besoins<\/h3><\/div><\/div><\/div><\/div><\/div><\/div><div class=\"fusion-clearfix\"><\/div><div class=\"fusion-clearfix\"><\/div>\n\n\t\t\t<\/div>\n\t\t<\/div><\/div><\/div><div  class=\"fusion-fullwidth fullwidth-box fusion-parallax-fixed hundred-percent-fullwidth\"  style='background-color: rgba(255,255,255,0);background-image: url(\"http:\/\/www.teamenergies.be\/wp-content\/uploads\/2017\/05\/Water-Background-High-Definition-Wallpaper-14613.jpg\");background-position: center center;background-repeat: no-repeat;padding-top:200px;padding-right:0px;padding-bottom:200px;padding-left:0px;-webkit-background-size:cover;-moz-background-size:cover;-o-background-size:cover;background-size:cover;background-attachment:fixed;'><div class=\"fusion-builder-row fusion-row \"><div  class=\"fusion-layout-column fusion_builder_column fusion_builder_column_1_1  fusion-one-full fusion-column-first fusion-column-last 1_1\"  style='margin-top:55px;margin-bottom:40px;'>\n\t\t\t<div class=\"fusion-column-wrapper\" style=\"background-position:left top;background-repeat:no-repeat;-webkit-background-size:cover;-moz-background-size:cover;-o-background-size:cover;background-size:cover;\"  data-bg-url=\"\">\n\t\t\t\t<div class=\"fusion-clearfix\"><\/div>\n\n\t\t\t<\/div>\n\t\t<\/div><\/div><\/div><\/p>\n","protected":false},"excerpt":{"rendered":"","protected":false},"author":1,"featured_media":0,"parent":0,"menu_order":0,"comment_status":"closed","ping_status":"closed","template":"100-width.php","meta":[],"yoast_head":"<!-- This site is optimized with the Yoast SEO plugin v15.2.1 - https:\/\/yoast.com\/wordpress\/plugins\/seo\/ -->\n<title>Team Energies Sambreville : Chauffage - Sanitaire - Electricit\u00e9 - Ventilation<\/title>\n<meta name=\"description\" content=\"Team Energies - Sambreville sp\u00e9cialiste en placement, r\u00e9paration et entretien de tous vos syst\u00e8mes de chauffage, sanitaire, \u00e9lectrique et ventilation\" \/>\n<meta name=\"robots\" content=\"index, follow, max-snippet:-1, max-image-preview:large, max-video-preview:-1\" \/>\n<link rel=\"canonical\" href=\"https:\/\/www.teamenergies.be\/\" \/>\n<meta property=\"og:locale\" content=\"fr_FR\" \/>\n<meta property=\"og:type\" content=\"article\" \/>\n<meta property=\"og:title\" content=\"Team Energies Sambreville : Chauffage - Sanitaire - Electricit\u00e9 - Ventilation\" \/>\n<meta property=\"og:description\" content=\"Team Energies - Sambreville sp\u00e9cialiste en placement, r\u00e9paration et entretien de tous vos syst\u00e8mes de chauffage, sanitaire, \u00e9lectrique et ventilation\" \/>\n<meta property=\"og:url\" content=\"https:\/\/www.teamenergies.be\/\" \/>\n<meta property=\"og:site_name\" content=\"Team Energies\" \/>\n<meta property=\"article:publisher\" content=\"https:\/\/www.facebook.com\/teamenergies\/\" \/>\n<meta property=\"article:modified_time\" content=\"2019-09-23T18:49:58+00:00\" \/>\n<meta name=\"twitter:card\" content=\"summary\" \/>\n<meta name=\"twitter:label1\" content=\"\u00c9crit par\">\n\t<meta name=\"twitter:data1\" content=\"admin8564\">\n\t<meta name=\"twitter:label2\" content=\"Dur\u00e9e de lecture est.\">\n\t<meta name=\"twitter:data2\" content=\"3 minutes\">\n<script type=\"application\/ld+json\" class=\"yoast-schema-graph\">{\"@context\":\"https:\/\/schema.org\",\"@graph\":[{\"@type\":\"Organization\",\"@id\":\"https:\/\/www.teamenergies.be\/#organization\",\"name\":\"Team Energies\",\"url\":\"https:\/\/www.teamenergies.be\/\",\"sameAs\":[\"https:\/\/www.facebook.com\/teamenergies\/\"],\"logo\":{\"@type\":\"ImageObject\",\"@id\":\"https:\/\/www.teamenergies.be\/#logo\",\"inLanguage\":\"fr-FR\",\"url\":\"https:\/\/www.teamenergies.be\/wp-content\/uploads\/2017\/04\/Team-Energies-logo.png\",\"width\":1617,\"height\":1003,\"caption\":\"Team Energies\"},\"image\":{\"@id\":\"https:\/\/www.teamenergies.be\/#logo\"}},{\"@type\":\"WebSite\",\"@id\":\"https:\/\/www.teamenergies.be\/#website\",\"url\":\"https:\/\/www.teamenergies.be\/\",\"name\":\"Team Energies\",\"description\":\"Chauffage - Sanitaire - Electricit\\u00e9 - Ventilation\",\"publisher\":{\"@id\":\"https:\/\/www.teamenergies.be\/#organization\"},\"potentialAction\":[{\"@type\":\"SearchAction\",\"target\":\"https:\/\/www.teamenergies.be\/?s={search_term_string}\",\"query-input\":\"required name=search_term_string\"}],\"inLanguage\":\"fr-FR\"},{\"@type\":\"WebPage\",\"@id\":\"https:\/\/www.teamenergies.be\/#webpage\",\"url\":\"https:\/\/www.teamenergies.be\/\",\"name\":\"Team Energies Sambreville : Chauffage - Sanitaire - Electricit\\u00e9 - Ventilation\",\"isPartOf\":{\"@id\":\"https:\/\/www.teamenergies.be\/#website\"},\"datePublished\":\"2017-05-03T13:42:15+00:00\",\"dateModified\":\"2019-09-23T18:49:58+00:00\",\"description\":\"Team Energies - Sambreville sp\\u00e9cialiste en placement, r\\u00e9paration et entretien de tous vos syst\\u00e8mes de chauffage, sanitaire, \\u00e9lectrique et ventilation\",\"inLanguage\":\"fr-FR\",\"potentialAction\":[{\"@type\":\"ReadAction\",\"target\":[\"https:\/\/www.teamenergies.be\/\"]}]}]}<\/script>\n<!-- \/ Yoast SEO plugin. -->","_links":{"self":[{"href":"https:\/\/www.teamenergies.be\/index.php\/wp-json\/wp\/v2\/pages\/14"}],"collection":[{"href":"https:\/\/www.teamenergies.be\/index.php\/wp-json\/wp\/v2\/pages"}],"about":[{"href":"https:\/\/www.teamenergies.be\/index.php\/wp-json\/wp\/v2\/types\/page"}],"author":[{"embeddable":true,"href":"https:\/\/www.teamenergies.be\/index.php\/wp-json\/wp\/v2\/users\/1"}],"replies":[{"embeddable":true,"href":"https:\/\/www.teamenergies.be\/index.php\/wp-json\/wp\/v2\/comments?post=14"}],"version-history":[{"count":22,"href":"https:\/\/www.teamenergies.be\/index.php\/wp-json\/wp\/v2\/pages\/14\/revisions"}],"predecessor-version":[{"id":257,"href":"https:\/\/www.teamenergies.be\/index.php\/wp-json\/wp\/v2\/pages\/14\/revisions\/257"}],"wp:attachment":[{"href":"https:\/\/www.teamenergies.be\/index.php\/wp-json\/wp\/v2\/media?parent=14"}],"curies":[{"name":"wp","href":"https:\/\/api.w.org\/{rel}","templated":true}]}}