{"id":168,"date":"2017-09-17T16:57:37","date_gmt":"2017-09-17T14:57:37","guid":{"rendered":"http:\/\/www.teamenergies.be\/?page_id=168"},"modified":"2017-10-05T14:17:37","modified_gmt":"2017-10-05T12:17:37","slug":"entretien-chaudiere","status":"publish","type":"page","link":"https:\/\/www.teamenergies.be\/index.php\/entretien-chaudiere\/","title":{"rendered":"Entretien"},"content":{"rendered":"<p><div  class=\"fusion-fullwidth fullwidth-box nonhundred-percent-fullwidth fusion-equal-height-columns\"  style='background-color: rgba(255,255,255,0);background-position: center center;background-repeat: no-repeat;padding-top:10px;padding-right:0px;padding-bottom:10px;padding-left:0px;'><div class=\"fusion-builder-row fusion-row \"><div  class=\"fusion-layout-column fusion_builder_column fusion_builder_column_1_3  fusion-one-third fusion-column-first 1_3\"  style='margin-top:55px;margin-bottom:40px;width:33.33%;width:calc(33.33% - ( ( 4% ) * 0.3333 ) );margin-right: 4%;'>\n\t\t\t<div class=\"fusion-column-wrapper\" style=\"padding: 25px 0px 0px 0px;background-position:left top;background-repeat:no-repeat;-webkit-background-size:cover;-moz-background-size:cover;-o-background-size:cover;background-size:cover;\"  data-bg-url=\"\">\n\t\t\t\t<div class=\"imageframe-align-center\"><span style=\"border:10px solid #e53012;-webkit-border-radius:5px;-moz-border-radius:5px;border-radius:5px;\" class=\"fusion-imageframe imageframe-none imageframe-1 hover-type-none\"><img loading=\"lazy\" src=\"http:\/\/www.teamenergies.be\/wp-content\/uploads\/2017\/09\/entretien-chaudiere-main-3100448.jpg\" width=\"499\" height=\"429\" alt=\"\" title=\"entretien-chaudiere-main-3100448\" class=\"img-responsive wp-image-169\" style=\"-webkit-border-radius:5px;-moz-border-radius:5px;border-radius:5px;\" srcset=\"https:\/\/www.teamenergies.be\/wp-content\/uploads\/2017\/09\/entretien-chaudiere-main-3100448-200x172.jpg 200w, https:\/\/www.teamenergies.be\/wp-content\/uploads\/2017\/09\/entretien-chaudiere-main-3100448-400x344.jpg 400w, https:\/\/www.teamenergies.be\/wp-content\/uploads\/2017\/09\/entretien-chaudiere-main-3100448.jpg 499w\" sizes=\"(max-width: 800px) 100vw, 1100px\" \/><\/span><\/div><div class=\"fusion-clearfix\"><\/div>\n\n\t\t\t<\/div>\n\t\t<\/div><div  class=\"fusion-layout-column fusion_builder_column fusion_builder_column_2_3  fusion-two-third fusion-column-last 2_3\"  style='margin-top:55px;margin-bottom:40px;width:66.66%;width:calc(66.66% - ( ( 4% ) * 0.6666 ) );'>\n\t\t\t<div class=\"fusion-column-wrapper\" style=\"background-position:left top;background-repeat:no-repeat;-webkit-background-size:cover;-moz-background-size:cover;-o-background-size:cover;background-size:cover;\"  data-bg-url=\"\">\n\t\t\t\t<div class=\"fusion-column-content-centered\"><div class=\"fusion-column-content\"><h1>Gr\u00e2ce \u00e0 notre programme d&rsquo;entretien de chaudi\u00e8re, plus besoin de vous soucier de la r\u00e9vision de votre mat\u00e9riel de chauffage.<\/h1>\n<h1>Devenez client Team Energies et nous nous occupons de tout \u00e0 partir de 5\u20ac tvac par mois pour les chaudi\u00e8res au gaz &amp; 13\u20ac tvac par mois pour les chaudi\u00e8res au mazout.<\/h1>\n<h1>Pour tout renseignement :\u00a0\u00a0 <a href=\"http:\/\/www.teamenergies.be\/index.php\/contact\/\"><strong>Remplissez notre formulaire<\/strong><\/a><\/h1>\n<\/div><\/div><div class=\"fusion-clearfix\"><\/div>\n\n\t\t\t<\/div>\n\t\t<\/div><\/div><\/div><div  class=\"fusion-fullwidth fullwidth-box nonhundred-percent-fullwidth\"  style='background-color: rgba(255,255,255,0);background-position: center center;background-repeat: no-repeat;padding-right:0px;padding-left:0px;'><div class=\"fusion-builder-row fusion-row \"><div  class=\"fusion-layout-column fusion_builder_column fusion_builder_column_1_3  fusion-one-third fusion-column-first 1_3\"  style='margin-top:55px;margin-bottom:40px;width:33.33%;width:calc(33.33% - ( ( 4% + 4% ) * 0.3333 ) );margin-right: 4%;'>\n\t\t\t<div class=\"fusion-column-wrapper\" style=\"background-position:left top;background-repeat:no-repeat;-webkit-background-size:cover;-moz-background-size:cover;-o-background-size:cover;background-size:cover;\"  data-bg-url=\"\">\n\t\t\t\t<div class=\"aligncenter\"><i class=\"fa fontawesome-icon fa-phone circle-yes fusion-animated\" style=\"border-color:#e53012;background-color:#e53012;font-size:52.8px;line-height:105.6px;height:105.6px;width:105.6px;margin-left:0;margin-right:0;\" data-animationType=\"bounce\" data-animationDuration=\"0.6\" data-animationOffset=\"100%\"><\/i><\/div><h1 style=\"text-align: center;\">Contactez nous<\/h1>\n<div class=\"fusion-clearfix\"><\/div>\n\n\t\t\t<\/div>\n\t\t<\/div><div  class=\"fusion-layout-column fusion_builder_column fusion_builder_column_1_3  fusion-one-third 1_3\"  style='margin-top:55px;margin-bottom:40px;width:33.33%;width:calc(33.33% - ( ( 4% + 4% ) * 0.3333 ) );margin-right: 4%;'>\n\t\t\t<div class=\"fusion-column-wrapper\" style=\"background-position:left top;background-repeat:no-repeat;-webkit-background-size:cover;-moz-background-size:cover;-o-background-size:cover;background-size:cover;\"  data-bg-url=\"\">\n\t\t\t\t<div class=\"aligncenter\"><i class=\"fa fontawesome-icon fa-wrench circle-yes fusion-animated\" style=\"border-color:#ffffff;background-color:#e53012;font-size:52.8px;line-height:105.6px;height:105.6px;width:105.6px;margin-left:0;margin-right:0;\" data-animationType=\"shake\" data-animationDuration=\"0.6\" data-animationOffset=\"100%\"><\/i><\/div><h1 style=\"text-align: center;\">R\u00e9alisation de votre entretien<\/h1>\n<div class=\"fusion-clearfix\"><\/div>\n\n\t\t\t<\/div>\n\t\t<\/div><div  class=\"fusion-layout-column fusion_builder_column fusion_builder_column_1_3  fusion-one-third fusion-column-last 1_3\"  style='margin-top:55px;margin-bottom:40px;width:33.33%;width:calc(33.33% - ( ( 4% + 4% ) * 0.3333 ) );'>\n\t\t\t<div class=\"fusion-column-wrapper\" style=\"background-position:left top;background-repeat:no-repeat;-webkit-background-size:cover;-moz-background-size:cover;-o-background-size:cover;background-size:cover;\"  data-bg-url=\"\">\n\t\t\t\t<div class=\"aligncenter\"><i class=\"fa fontawesome-icon fa-calendar-check-o circle-yes fusion-animated\" style=\"border-color:#e53012;background-color:#e53012;font-size:52.8px;line-height:105.6px;height:105.6px;width:105.6px;margin-left:0;margin-right:0;color:fff;\" data-animationType=\"zoomInDown\" data-animationDuration=\"0.6\" data-animationOffset=\"100%\"><\/i><\/div><h1 style=\"text-align: center;\">Attestation d&rsquo;entretien<\/h1>\n<div class=\"fusion-clearfix\"><\/div>\n\n\t\t\t<\/div>\n\t\t<\/div><\/div><\/div><div  class=\"fusion-fullwidth fullwidth-box hundred-percent-fullwidth fusion-equal-height-columns\"  style='background-color: rgba(255,255,255,0);background-position: center center;background-repeat: no-repeat;padding-top:20px;padding-right:0px;padding-bottom:20px;padding-left:0px;'><div class=\"fusion-builder-row fusion-row \"><div  class=\"fusion-layout-column fusion_builder_column fusion_builder_column_1_1  fusion-one-full fusion-column-first fusion-column-last 1_1\"  style='margin-top:55px;margin-bottom:40px;'>\n\t\t\t<div class=\"fusion-column-wrapper\" style=\"background-position:left top;background-repeat:no-repeat;-webkit-background-size:cover;-moz-background-size:cover;-o-background-size:cover;background-size:cover;\"  data-bg-url=\"\">\n\t\t\t\t<div style=\"display:none\" class=\"fm-form-container fm-theme2\"><div id=\"fm-pages7\" class=\"fm-pages wdform_page_navigation \" show_title=\"false\" show_numbers=\"true\" type=\"none\"><\/div><form name=\"form7\" action=\"\/index.php\/wp-json\/wp\/v2\/pages\/168\" method=\"post\" id=\"form7\" class=\"fm-form form7  \" enctype=\"multipart\/form-data\"><input type=\"hidden\" id=\"fm_page_id7\" value=\"168\" name=\"fm_page_id7\" \/><input type=\"hidden\" id=\"fm_current_post_type7\" value=\"page\" name=\"fm_current_post_type7\" \/><input type=\"hidden\" id=\"counter7\" value=\"19\" name=\"counter7\" \/><input type=\"hidden\" id=\"Itemid7\" value=\"\" name=\"Itemid7\" \/><input type=\"hidden\" id=\"fm_shake7\" value=\"1\" name=\"fm_shake7\" \/><input type=\"text\" class=\"fm-hide\" id=\"fm_empty_field_validation7\" value=\"\" name=\"fm_empty_field_validation7\" data-value=\"bd736efb144d599cf463541431fbf5c4\" \/><div class=\"fm-header-bg\"><div class=\"fm-header \"><div class=\"fm-header-img  fm-animated fadeInRightBig\"><img src=\"http:\/\/www.teamenergies.be\/wp-content\/uploads\/2017\/05\/Mail-icon.png\" width=\"80px\" \/><\/div><div class=\"fm-header-text\">          <div class=\"fm-header-title\">            Nous contacter          <\/div>          <div class=\"fm-header-description\">            Envoyer nous vos informations en remplissant ce formulaire ci-dessous.Ces informations nous permettrons de vous proposer un devis le plus adapt\u00e9 \u00e0 vos besoins.Toute l'\u00e9quipe TEAM ENERGIES          <\/div>        <\/div><\/div><\/div><div class=\"wdform-page-and-images fm-form-builder\" style=\"display:table; border-top:0px solid black;\"><div id=\"7form_view1\" class=\"wdform_page\" page_title=\"Untitled page\" next_title=\"Suivant\" next_type=\"text\" next_class=\"wdform-page-button\" next_checkable=\"false\" previous_title=\"Pr\u00e9c\u00e9dent\" previous_type=\"text\" previous_class=\"wdform-page-button\" previous_checkable=\"false\"><div class=\"wdform_section fm-col-1\"><div class=\"wdform_column\"><div wdid=\"1\" class=\"wdform_row\"><div type=\"type_name\" class=\"wdform-field wd-width-100 wd-flex wd-flex-column fm-type_name\" ><div class=\"wdform-label-section wd-width-100  wd-flex-row\" style=\"max-width: 500px;\">    <label  for=\"wdform_1_element_first7\" class=\"wdform-label\">Nom:<\/label><span class=\"wdform-required\">*<\/span><\/div><div class=\"wdform-element-section wd-flex  wd-flex-row wd-width-100\" style=\"max-width: 250px;\"><div class=\"wd-flex wd-flex-column wd-width-50\"><input type=\"text\" class=\"wd-width-100\" id=\"wdform_1_element_first7\" name=\"wdform_1_element_first7\" data-value=\"Pr\u00e9nom\" value=\"Pr\u00e9nom\" title=\"Pr\u00e9nom\" placeholder=\"Pr\u00e9nom\"  \/><label class=\"mini_label\" for=\"wdform_1_element_first7\"><\/label><\/div><div class=\"wd-flex wd-flex-column wd-name-separator\"><\/div><div class=\"wd-flex wd-flex-column wd-width-50\"><input type=\"text\" class=\"wd-width-100\" id=\"wdform_1_element_last7\" name=\"wdform_1_element_last7\" data-value=\"Nom\" value=\"Nom\" title=\"Nom\" placeholder=\"Nom\"  \/><label class=\"mini_label\" for=\"wdform_1_element_last7\"><\/label><\/div><\/div><\/div><\/div><\/div><div class=\"wdform_column\"><div wdid=\"12\" class=\"wdform_row\" style=\"\"><div type=\"type_address\" class=\"wdform-field wd-width-100 wd-flex wd-flex-column fm-type_address\" ><div class=\"wdform-label-section wd-width-100 wdform_address wd-flex-column\" style=\"max-width: 100px;\">    <label  for=\"wdform_12_street17\" class=\"wdform-label\">Adresse:<\/label><\/div><div class=\"wdform-element-section wd-flex wdform_address wd-flex-column wd-width-100\" style=\"max-width: 500px;\"><span class=\"wd-width-100 wd-address\" id=\"wdform_12_address_0\">                <input class=\"wd-width-100 wdform_12_address_0\" type=\"text\" id=\"wdform_12_street17\" name=\"wdform_12_street17\" value=\"\"  \/>                <label for=\"wdform_12_street17\" class=\"mini_label\">Rue et Num\u00e9ro<\/label><\/span><span class=\"wd-width-100 wd-flex wd-flex-row wd-flex-wrap wd-justify-content\"><span class=\"wd-width-49 wd-address\" id=\"wdform_12_address_2\">                <input class=\"wd-width-100 wdform_12_address_2\" type=\"text\" id=\"wdform_12_city7\" name=\"wdform_14_city7\" value=\"\"  \/>                <label for=\"wdform_12_city7\" class=\"mini_label\">Ville<\/label><\/span><span class=\"wd-width-49 wd-address\" id=\"wdform_12_address_3\">                <input class=\"wd-width-100 wdform_12_address_3\" type=\"text\" id=\"wdform_12_state7\" name=\"wdform_15_state7\" value=\"\"  \/>                <label for=\"wdform_12_state7\" class=\"mini_label\">Province<\/label><\/span><span class=\"wd-width-49 wd-address\" id=\"wdform_12_address_4\">              <input class=\"wd-width-100 wdform_12_address_4\" type=\"text\" id=\"wdform_12_postal7\" name=\"wdform_16_postal7\" value=\"\"  \/>              <label for=\"wdform_12_postal7\" class=\"mini_label\">Code Postal<\/label><\/span><\/span><\/div><\/div><\/div><\/div><div class=\"wdform_column\"><div wdid=\"2\" class=\"wdform_row\"><div type=\"type_submitter_mail\" class=\"wdform-field wd-width-100 wd-flex wd-flex-column fm-type_submitter_mail\" ><div class=\"wdform-label-section wd-width-100  wd-flex-row\" style=\"max-width: 500px;\">    <label  for=\"wdform_2_element7\" class=\"wdform-label\">Entrez votre E-mail:<\/label><span class=\"wdform-required\">*<\/span><\/div><div class=\"wdform-element-section wd-flex  wd-flex-row wd-width-100\" style=\"max-width: 500px;\"><input type=\"text\" class=\"wd-width-100\" id=\"wdform_2_element7\" name=\"wdform_2_element7\" data-value=\"\" value=\"\" title=\"\" placeholder=\"\"   onchange=\"wd_check_email('2', '7', 'Ceci n\\'est pas une adresse e-mail valide')\" \/><\/div><\/div><\/div><\/div><div class=\"wdform_column\"><div wdid=\"10\" class=\"wdform_row\" style=\"\"><div type=\"type_text\" class=\"wdform-field wd-width-100 wd-flex wd-flex-column fm-type_text\" ><div class=\"wdform-label-section wd-width-100  wd-flex-row wd-align-items-center\" style=\"max-width: 100px;\">    <label  for=\"wdform_10_element7\" class=\"wdform-label\">T\u00e9l\u00e9phone:<\/label><span class=\"wdform-required\">*<\/span><\/div><div class=\"wdform-element-section wd-flex  wd-flex-row wd-align-items-center wd-width-100\" style=\"max-width: 500px;\"><input type=\"text\"                           class=\"wd-width-100\"                           id=\"wdform_10_element7\"                           name=\"wdform_10_element7\"                           value=\"\"                           data-value=\"\"                           title=\"\"                           placeholder=\"\"                                                       \/><\/div><\/div><\/div><\/div><div class=\"wdform_column\"><div wdid=\"11\" class=\"wdform_row\" style=\"\"><div type=\"type_checkbox\" class=\"wdform-field wd-width-100 wd-flex wd-flex-column fm-type_checkbox\" ><div class=\"wdform-label-section wd-width-100  wd-flex-wrap wd-flex-column\" style=\"max-width: 150px;\">    <label  class=\"wdform-label\">Type de Chaudi\u00e8re:<\/label><span class=\"wdform-required\">*<\/span><\/div><div class=\"wdform-element-section wd-flex  wd-flex-wrap wd-flex-column wd-width-100\" ><div class=\"wd-flex wd-flex-column\"><input type=\"hidden\" name=\"wdform_11_element7\" value=\"\" \/><div class=\"checkbox-div wd-choice wd-flex wd-flex-row-reverse wd-justify-content\"><input type=\"checkbox\"  id=\"wdform_11_element70\" name=\"wdform_11_element70\" value=\"Gaz\"    \/><label class=\"wd-align-items-center wd-flex wd-flex-row-reverse wd-justify-content wd-width-100\" for=\"wdform_11_element70\"><span><\/span>Gaz<\/label><\/div><div class=\"checkbox-div wd-choice wd-flex wd-flex-row-reverse wd-justify-content\"><input type=\"checkbox\"  id=\"wdform_11_element71\" name=\"wdform_11_element71\" value=\"Mazout\"    \/><label class=\"wd-align-items-center wd-flex wd-flex-row-reverse wd-justify-content wd-width-100\" for=\"wdform_11_element71\"><span><\/span>Mazout<\/label><\/div><\/div><\/div><\/div><\/div><\/div><div class=\"wdform_column\"><div wdid=\"18\" class=\"wdform_row\" style=\"\"><div type=\"type_number\" class=\"wdform-field\" style=\"width: 360px\"><div class=\"wdform-label-section wd-width-30 \" style=\"max-width: 250px;\">    <label  for=\"wdform_18_element7\" class=\"wdform-label\">Ann\u00e9e de construction du b\u00e2timent:<\/label><span class=\"wdform-required\">*<\/span><\/div><div class=\"wdform-element-section \" style=\"width: 100px;\">              <input type=\"text\"                     class=\"wd-width-100\"                     id=\"wdform_18_element7\"                     name=\"wdform_18_element7\"                     value=\"\"                     data-value=\"\"                     title=\"\"                     >              <\/div><\/div><\/div><\/div><div class=\"wdform_column\"><div wdid=\"8\" class=\"wdform_row\"><div type=\"type_submit_reset\" class=\"wdform-field wd-width-100 wd-flex wd-flex-column fm-type_submit_reset\" ><div class=\"wdform-element-section wd-flex  wd-flex-row wd-justify-content-right wd-width-100\" ><button  type=\"button\" class=\"button-submit\" onclick=\"fm_submit_form('7');\"  data-ajax=\"0\"><span class=\"fm-submit-loading spinner fm-ico-spinner\"><\/span>Envoyer<\/button><button  type=\"button\" class=\"button-reset \" onclick=\"fm_reset_form(7);\" >Reset<\/button><\/div><\/div><\/div><\/div><\/div><div valign=\"top\" class=\"wdform_footer\" style=\"width: 100%;\"><div style=\"width: 100%;\"><div style=\"width: 100%; display: table; padding-top:10px;\"><div style=\"display: table-row-group;\"><div id=\"7page_nav1\" style=\"display: table-row;\"><\/div><\/div><\/div><\/div><\/div><\/div><\/div><div class=\"wdform_preload\"><\/div><input type=\"hidden\" name=\"fm-current-page\" value=\"https:\/\/www.teamenergies.be\/index.php\/wp-json\/wp\/v2\/pages\/168\" \/><\/form><\/div>\n<div class=\"fusion-clearfix\"><\/div>\n\n\t\t\t<\/div>\n\t\t<\/div><\/div><\/div><\/p>\n","protected":false},"excerpt":{"rendered":"","protected":false},"author":1,"featured_media":0,"parent":0,"menu_order":0,"comment_status":"closed","ping_status":"closed","template":"","meta":[],"yoast_head":"<!-- This site is optimized with the Yoast SEO plugin v15.2.1 - https:\/\/yoast.com\/wordpress\/plugins\/seo\/ -->\n<title>Entretien - Team Energies<\/title>\n<meta name=\"description\" content=\"Entretien de chaudi\u00e8re, Namur, Sambreville, Hainaut, Li\u00e8ge. R\u00e9paration, d\u00e9pannage, installation chauffage, sanitaire, ventilation, \u00e9lectricit\u00e9.\" \/>\n<meta name=\"robots\" content=\"index, follow, max-snippet:-1, max-image-preview:large, max-video-preview:-1\" \/>\n<link rel=\"canonical\" href=\"https:\/\/www.teamenergies.be\/index.php\/entretien-chaudiere\/\" \/>\n<meta property=\"og:locale\" content=\"fr_FR\" \/>\n<meta property=\"og:type\" content=\"article\" \/>\n<meta property=\"og:title\" content=\"Entretien - Team Energies\" \/>\n<meta property=\"og:description\" content=\"Entretien de chaudi\u00e8re, Namur, Sambreville, Hainaut, Li\u00e8ge. R\u00e9paration, d\u00e9pannage, installation chauffage, sanitaire, ventilation, \u00e9lectricit\u00e9.\" \/>\n<meta property=\"og:url\" content=\"https:\/\/www.teamenergies.be\/index.php\/entretien-chaudiere\/\" \/>\n<meta property=\"og:site_name\" content=\"Team Energies\" \/>\n<meta property=\"article:publisher\" content=\"https:\/\/www.facebook.com\/teamenergies\/\" \/>\n<meta property=\"article:modified_time\" content=\"2017-10-05T12:17:37+00:00\" \/>\n<meta name=\"twitter:card\" content=\"summary\" \/>\n<meta name=\"twitter:label1\" content=\"\u00c9crit par\">\n\t<meta name=\"twitter:data1\" content=\"admin8564\">\n\t<meta name=\"twitter:label2\" content=\"Dur\u00e9e de lecture est.\">\n\t<meta name=\"twitter:data2\" content=\"3 minutes\">\n<script type=\"application\/ld+json\" class=\"yoast-schema-graph\">{\"@context\":\"https:\/\/schema.org\",\"@graph\":[{\"@type\":\"Organization\",\"@id\":\"https:\/\/www.teamenergies.be\/#organization\",\"name\":\"Team Energies\",\"url\":\"https:\/\/www.teamenergies.be\/\",\"sameAs\":[\"https:\/\/www.facebook.com\/teamenergies\/\"],\"logo\":{\"@type\":\"ImageObject\",\"@id\":\"https:\/\/www.teamenergies.be\/#logo\",\"inLanguage\":\"fr-FR\",\"url\":\"https:\/\/www.teamenergies.be\/wp-content\/uploads\/2017\/04\/Team-Energies-logo.png\",\"width\":1617,\"height\":1003,\"caption\":\"Team Energies\"},\"image\":{\"@id\":\"https:\/\/www.teamenergies.be\/#logo\"}},{\"@type\":\"WebSite\",\"@id\":\"https:\/\/www.teamenergies.be\/#website\",\"url\":\"https:\/\/www.teamenergies.be\/\",\"name\":\"Team Energies\",\"description\":\"Chauffage - Sanitaire - Electricit\\u00e9 - Ventilation\",\"publisher\":{\"@id\":\"https:\/\/www.teamenergies.be\/#organization\"},\"potentialAction\":[{\"@type\":\"SearchAction\",\"target\":\"https:\/\/www.teamenergies.be\/?s={search_term_string}\",\"query-input\":\"required name=search_term_string\"}],\"inLanguage\":\"fr-FR\"},{\"@type\":\"WebPage\",\"@id\":\"https:\/\/www.teamenergies.be\/index.php\/entretien-chaudiere\/#webpage\",\"url\":\"https:\/\/www.teamenergies.be\/index.php\/entretien-chaudiere\/\",\"name\":\"Entretien - Team Energies\",\"isPartOf\":{\"@id\":\"https:\/\/www.teamenergies.be\/#website\"},\"datePublished\":\"2017-09-17T14:57:37+00:00\",\"dateModified\":\"2017-10-05T12:17:37+00:00\",\"description\":\"Entretien de chaudi\\u00e8re, Namur, Sambreville, Hainaut, Li\\u00e8ge. R\\u00e9paration, d\\u00e9pannage, installation chauffage, sanitaire, ventilation, \\u00e9lectricit\\u00e9.\",\"inLanguage\":\"fr-FR\",\"potentialAction\":[{\"@type\":\"ReadAction\",\"target\":[\"https:\/\/www.teamenergies.be\/index.php\/entretien-chaudiere\/\"]}]}]}<\/script>\n<!-- \/ Yoast SEO plugin. -->","_links":{"self":[{"href":"https:\/\/www.teamenergies.be\/index.php\/wp-json\/wp\/v2\/pages\/168"}],"collection":[{"href":"https:\/\/www.teamenergies.be\/index.php\/wp-json\/wp\/v2\/pages"}],"about":[{"href":"https:\/\/www.teamenergies.be\/index.php\/wp-json\/wp\/v2\/types\/page"}],"author":[{"embeddable":true,"href":"https:\/\/www.teamenergies.be\/index.php\/wp-json\/wp\/v2\/users\/1"}],"replies":[{"embeddable":true,"href":"https:\/\/www.teamenergies.be\/index.php\/wp-json\/wp\/v2\/comments?post=168"}],"version-history":[{"count":45,"href":"https:\/\/www.teamenergies.be\/index.php\/wp-json\/wp\/v2\/pages\/168\/revisions"}],"predecessor-version":[{"id":253,"href":"https:\/\/www.teamenergies.be\/index.php\/wp-json\/wp\/v2\/pages\/168\/revisions\/253"}],"wp:attachment":[{"href":"https:\/\/www.teamenergies.be\/index.php\/wp-json\/wp\/v2\/media?parent=168"}],"curies":[{"name":"wp","href":"https:\/\/api.w.org\/{rel}","templated":true}]}}