{"id":34,"date":"2017-05-05T15:05:04","date_gmt":"2017-05-05T13:05:04","guid":{"rendered":"http:\/\/www.teamenergies.be\/?page_id=34"},"modified":"2017-05-06T16:27:18","modified_gmt":"2017-05-06T14:27:18","slug":"electricite","status":"publish","type":"page","link":"https:\/\/www.teamenergies.be\/index.php\/electricite\/","title":{"rendered":"Electricit\u00e9"},"content":{"rendered":"<div  class=\"fusion-fullwidth fullwidth-box fusion-parallax-none hundred-percent-fullwidth\"  style='background-color: rgba(255,255,255,0);background-image: url(\"http:\/\/www.teamenergies.be\/wp-content\/uploads\/2017\/05\/electricite.jpg\");background-position: center center;background-repeat: no-repeat;padding-top:20px;padding-right:0px;padding-bottom:20px;padding-left:0px;-webkit-background-size:cover;-moz-background-size:cover;-o-background-size:cover;background-size:cover;background-attachment:none;'><div class=\"fusion-builder-row fusion-row \"><div  class=\"fusion-layout-column fusion_builder_column fusion_builder_column_1_4  fusion-one-fourth fusion-column-first 1_4\"  style='margin-top:55px;margin-bottom:40px;width:25%;width:calc(25% - ( ( 4% + 4% ) * 0.25 ) );margin-right: 4%;'>\n\t\t\t<div class=\"fusion-column-wrapper\" style=\"background-position:left top;background-repeat:no-repeat;-webkit-background-size:cover;-moz-background-size:cover;-o-background-size:cover;background-size:cover;\"  data-bg-url=\"\">\n\t\t\t\t<div class=\"fusion-clearfix\"><\/div>\n\n\t\t\t<\/div>\n\t\t<\/div><div  class=\"fusion-layout-column fusion_builder_column fusion_builder_column_1_2  fusion-one-half 1_2\"  style='margin-top:55px;margin-bottom:40px;width:50%;width:calc(50% - ( ( 4% + 4% ) * 0.5 ) );margin-right: 4%;'>\n\t\t\t<div class=\"fusion-column-wrapper\" style=\"background-position:left top;background-repeat:no-repeat;-webkit-background-size:cover;-moz-background-size:cover;-o-background-size:cover;background-size:cover;\"  data-bg-url=\"\">\n\t\t\t\t<h1 style=\"text-align: center;\">S\u00e9curit\u00e9, fiabilit\u00e9, \u00e9conomie, confort et souplesse.<br \/>\nAutant de crit\u00e8res qui permettent de juger la qualit\u00e9 d\u2019une installation \u00e9lectrique.<br \/>\nNous en tenons compte au moment de r\u00e9aliser une nouvelle installation ou de r\u00e9nover une installation existante.<\/h1>\n<div class=\"fusion-clearfix\"><\/div>\n\n\t\t\t<\/div>\n\t\t<\/div><div  class=\"fusion-layout-column fusion_builder_column fusion_builder_column_1_4  fusion-one-fourth fusion-column-last 1_4\"  style='margin-top:55px;margin-bottom:40px;width:25%;width:calc(25% - ( ( 4% + 4% ) * 0.25 ) );'>\n\t\t\t<div class=\"fusion-column-wrapper\" style=\"background-position:left top;background-repeat:no-repeat;-webkit-background-size:cover;-moz-background-size:cover;-o-background-size:cover;background-size:cover;\"  data-bg-url=\"\">\n\t\t\t\t<div class=\"imageframe-align-center\"><span style=\"border:5px solid #ffffff;-webkit-border-radius:10px;-moz-border-radius:10px;border-radius:10px;\" class=\"fusion-imageframe imageframe-none imageframe-1 hover-type-none fusion-animated\" data-animationType=\"bounce\" data-animationDuration=\"1.0\" data-animationOffset=\"100%\"><img loading=\"lazy\" src=\"http:\/\/www.teamenergies.be\/wp-content\/uploads\/2017\/05\/Electricite-250px-e1494076248369.png\" width=\"150\" height=\"150\" alt=\"\" title=\"Electricite-250px\" class=\"img-responsive wp-image-106\" style=\"-webkit-border-radius:10px;-moz-border-radius:10px;border-radius:10px;\"\/><\/span><\/div><h1 style=\"text-align: center;\">Electricit\u00e9<\/h1>\n<div class=\"fusion-clearfix\"><\/div>\n\n\t\t\t<\/div>\n\t\t<\/div><\/div><\/div>\n","protected":false},"excerpt":{"rendered":"","protected":false},"author":1,"featured_media":0,"parent":0,"menu_order":0,"comment_status":"closed","ping_status":"closed","template":"100-width.php","meta":[],"yoast_head":"<!-- This site is optimized with the Yoast SEO plugin v15.2.1 - https:\/\/yoast.com\/wordpress\/plugins\/seo\/ -->\n<title>Electricit\u00e9 - Team Energies<\/title>\n<meta name=\"robots\" content=\"index, follow, max-snippet:-1, max-image-preview:large, max-video-preview:-1\" \/>\n<link rel=\"canonical\" href=\"https:\/\/www.teamenergies.be\/index.php\/electricite\/\" \/>\n<meta property=\"og:locale\" content=\"fr_FR\" \/>\n<meta property=\"og:type\" content=\"article\" \/>\n<meta property=\"og:title\" content=\"Electricit\u00e9 - Team Energies\" \/>\n<meta property=\"og:url\" content=\"https:\/\/www.teamenergies.be\/index.php\/electricite\/\" \/>\n<meta property=\"og:site_name\" content=\"Team Energies\" \/>\n<meta property=\"article:publisher\" content=\"https:\/\/www.facebook.com\/teamenergies\/\" \/>\n<meta property=\"article:modified_time\" content=\"2017-05-06T14:27:18+00:00\" \/>\n<meta name=\"twitter:card\" content=\"summary\" \/>\n<meta name=\"twitter:label1\" content=\"\u00c9crit par\">\n\t<meta name=\"twitter:data1\" content=\"admin8564\">\n\t<meta name=\"twitter:label2\" content=\"Dur\u00e9e de lecture est.\">\n\t<meta name=\"twitter:data2\" content=\"1 minute\">\n<script type=\"application\/ld+json\" class=\"yoast-schema-graph\">{\"@context\":\"https:\/\/schema.org\",\"@graph\":[{\"@type\":\"Organization\",\"@id\":\"https:\/\/www.teamenergies.be\/#organization\",\"name\":\"Team Energies\",\"url\":\"https:\/\/www.teamenergies.be\/\",\"sameAs\":[\"https:\/\/www.facebook.com\/teamenergies\/\"],\"logo\":{\"@type\":\"ImageObject\",\"@id\":\"https:\/\/www.teamenergies.be\/#logo\",\"inLanguage\":\"fr-FR\",\"url\":\"https:\/\/www.teamenergies.be\/wp-content\/uploads\/2017\/04\/Team-Energies-logo.png\",\"width\":1617,\"height\":1003,\"caption\":\"Team Energies\"},\"image\":{\"@id\":\"https:\/\/www.teamenergies.be\/#logo\"}},{\"@type\":\"WebSite\",\"@id\":\"https:\/\/www.teamenergies.be\/#website\",\"url\":\"https:\/\/www.teamenergies.be\/\",\"name\":\"Team Energies\",\"description\":\"Chauffage - Sanitaire - Electricit\\u00e9 - Ventilation\",\"publisher\":{\"@id\":\"https:\/\/www.teamenergies.be\/#organization\"},\"potentialAction\":[{\"@type\":\"SearchAction\",\"target\":\"https:\/\/www.teamenergies.be\/?s={search_term_string}\",\"query-input\":\"required name=search_term_string\"}],\"inLanguage\":\"fr-FR\"},{\"@type\":\"WebPage\",\"@id\":\"https:\/\/www.teamenergies.be\/index.php\/electricite\/#webpage\",\"url\":\"https:\/\/www.teamenergies.be\/index.php\/electricite\/\",\"name\":\"Electricit\\u00e9 - Team Energies\",\"isPartOf\":{\"@id\":\"https:\/\/www.teamenergies.be\/#website\"},\"datePublished\":\"2017-05-05T13:05:04+00:00\",\"dateModified\":\"2017-05-06T14:27:18+00:00\",\"inLanguage\":\"fr-FR\",\"potentialAction\":[{\"@type\":\"ReadAction\",\"target\":[\"https:\/\/www.teamenergies.be\/index.php\/electricite\/\"]}]}]}<\/script>\n<!-- \/ Yoast SEO plugin. -->","_links":{"self":[{"href":"https:\/\/www.teamenergies.be\/index.php\/wp-json\/wp\/v2\/pages\/34"}],"collection":[{"href":"https:\/\/www.teamenergies.be\/index.php\/wp-json\/wp\/v2\/pages"}],"about":[{"href":"https:\/\/www.teamenergies.be\/index.php\/wp-json\/wp\/v2\/types\/page"}],"author":[{"embeddable":true,"href":"https:\/\/www.teamenergies.be\/index.php\/wp-json\/wp\/v2\/users\/1"}],"replies":[{"embeddable":true,"href":"https:\/\/www.teamenergies.be\/index.php\/wp-json\/wp\/v2\/comments?post=34"}],"version-history":[{"count":8,"href":"https:\/\/www.teamenergies.be\/index.php\/wp-json\/wp\/v2\/pages\/34\/revisions"}],"predecessor-version":[{"id":146,"href":"https:\/\/www.teamenergies.be\/index.php\/wp-json\/wp\/v2\/pages\/34\/revisions\/146"}],"wp:attachment":[{"href":"https:\/\/www.teamenergies.be\/index.php\/wp-json\/wp\/v2\/media?parent=34"}],"curies":[{"name":"wp","href":"https:\/\/api.w.org\/{rel}","templated":true}]}}